{"id":409,"date":"2020-09-10T06:53:58","date_gmt":"2020-09-10T06:53:58","guid":{"rendered":"https:\/\/enfermeraacasa.com\/index.php\/home\/"},"modified":"2022-05-31T09:32:44","modified_gmt":"2022-05-31T14:32:44","slug":"home","status":"publish","type":"page","link":"https:\/\/enfermeraacasa.com\/","title":{"rendered":"Enfermera a Casa &#8211;  Enfermer\u00eda a tu servicio"},"content":{"rendered":"\n<div class=\"wp-container-3 wp-block-group alignfull\"><div class=\"wp-block-group__inner-container\">\n<div class=\"wp-block-cover alignfull\" style=\"min-height:750px\" id=\"home\"><span aria-hidden=\"true\" class=\"has-background-dim-60 wp-block-cover__gradient-background has-background-dim has-background-gradient\" style=\"background:linear-gradient(124deg,rgb(2,3,129) 0%,rgb(40,116,252) 93%)\"><\/span><img loading=\"lazy\" width=\"1200\" height=\"675\" class=\"wp-block-cover__image-background wp-image-502\" alt=\"\" src=\"https:\/\/enfermeraacasa.com\/wp-content\/uploads\/2022\/05\/3269118-wbal-nurse-1-1642799316.jpg\" data-object-fit=\"cover\" srcset=\"https:\/\/enfermeraacasa.com\/wp-content\/uploads\/2022\/05\/3269118-wbal-nurse-1-1642799316.jpg 1200w, https:\/\/enfermeraacasa.com\/wp-content\/uploads\/2022\/05\/3269118-wbal-nurse-1-1642799316-300x169.jpg 300w, https:\/\/enfermeraacasa.com\/wp-content\/uploads\/2022\/05\/3269118-wbal-nurse-1-1642799316-1024x576.jpg 1024w, https:\/\/enfermeraacasa.com\/wp-content\/uploads\/2022\/05\/3269118-wbal-nurse-1-1642799316-768x432.jpg 768w\" sizes=\"(max-width: 1200px) 100vw, 1200px\" \/><div class=\"wp-block-cover__inner-container\">\n<div class=\"wp-block-columns are-vertically-aligned-center\">\n<div class=\"wp-block-column is-vertically-aligned-center\" style=\"flex-basis:60%\">\n<h4 class=\"has-ast-global-color-4-color has-text-color\">En la salud y en la enfermedad<\/h4>\n\n\n\n<h1 class=\"has-white-color has-text-color\">Cuidado profesional en todas las etapas de la vida<\/h1>\n<\/div>\n\n\n\n<div class=\"wp-block-column is-vertically-aligned-center\" style=\"flex-basis:40%\">\n<div class=\"wp-container-2 wp-block-group has-ast-global-color-5-background-color has-background\"><div class=\"wp-block-group__inner-container\">\n<h5 class=\"has-text-align-center has-ast-global-color-2-color has-text-color\">Conoce m\u00e1s sobre nuestros servicios<\/h5>\n\n\n\n<div class=\"wp-container-1 wp-block-buttons\">\n<div class=\"wp-block-button aligncenter has-custom-width wp-block-button__width-75 has-custom-font-size has-medium-font-size\"><a class=\"wp-block-button__link\" rel=\"https:\/\/api.whatsapp.com\/send?phone=+51967918906&amp;text=Quiero%20saber%20sobre%20sus%20servicios\"><strong>Servicios de enfermer\u00eda<\/strong><\/a><\/div>\n<\/div>\n\n\n\n<hr class=\"wp-block-separator has-text-color has-background has-ast-global-color-0-background-color has-ast-global-color-0-color is-style-default\"\/>\n<\/div><\/div>\n<\/div>\n<\/div>\n<\/div><\/div>\n<\/div><\/div>\n\n\n\n\t\t<!-- MasterSlider -->\n\t\t<div id=\"P_MS69df73d93d1bb\" class=\"master-slider-parent msl ms-parent-id-1\" style=\"max-width:800px;\">\n\n\t\t\t\n\t\t\t<!-- MasterSlider Main -->\n\t\t\t<div id=\"MS69df73d93d1bb\" class=\"master-slider ms-skin-light-3\" >\n\t\t\t\t \t\t\t\t \n\t\t\t\t<div  class=\"ms-slide\" data-delay=\"3.1\" data-fill-mode=\"fit\"  >\n\t\t\t\t\t<img src=\"https:\/\/enfermeraacasa.com\/wp-content\/plugins\/master-slider\/public\/assets\/css\/blank.gif\" alt=\"\" title=\"\" data-src=\"https:\/\/enfermeraacasa.com\/wp-content\/uploads\/2022\/05\/slide3.jpg\" \/>\n\t<a href=\"https:\/\/enfermeraacasa.com\/index.php\/home\/servicios\/\"     ><\/a>\n\n\n\t<div class=\"ms-thumb\" ><div class=\"ms-tab-context\"><div class=&quot;ms-tab-context&quot;><\/div><\/div>\n<\/div>\n\t\t\t\t<\/div>\n\t\t\t\t<div  class=\"ms-slide\" data-delay=\"3\" data-fill-mode=\"fit\"  >\n\t\t\t\t\t<img src=\"https:\/\/enfermeraacasa.com\/wp-content\/plugins\/master-slider\/public\/assets\/css\/blank.gif\" alt=\"\" title=\"\" data-src=\"https:\/\/enfermeraacasa.com\/wp-content\/uploads\/2022\/05\/slide2.jpg\" \/>\n\t<a href=\"https:\/\/enfermeraacasa.com\/index.php\/home\/servicios\/\"     ><\/a>\n\n\n\t<div class=\"ms-thumb\" ><div class=\"ms-tab-context\"><div class=&quot;ms-tab-context&quot;><\/div><\/div>\n<\/div>\n\t\t\t\t<\/div>\n\t\t\t\t<div  class=\"ms-slide\" data-delay=\"3\" data-fill-mode=\"fit\"  >\n\t\t\t\t\t<img src=\"https:\/\/enfermeraacasa.com\/wp-content\/plugins\/master-slider\/public\/assets\/css\/blank.gif\" alt=\"\" title=\"\" data-src=\"https:\/\/enfermeraacasa.com\/wp-content\/uploads\/2022\/05\/slide1.jpg\" \/>\n\t<a href=\"https:\/\/enfermeraacasa.com\/index.php\/home\/servicios\/\"     ><\/a>\n\n\n\t<div class=\"ms-thumb\" ><div class=\"ms-tab-context\"><div class=&quot;ms-tab-context&quot;><\/div><\/div>\n<\/div>\n\t\t\t\t<\/div>\n\t\t\t\t<div  class=\"ms-slide\" data-delay=\"3\" data-fill-mode=\"fit\"  >\n\t\t\t\t\t<img src=\"https:\/\/enfermeraacasa.com\/wp-content\/plugins\/master-slider\/public\/assets\/css\/blank.gif\" alt=\"\" title=\"\" data-src=\"https:\/\/enfermeraacasa.com\/wp-content\/uploads\/2022\/05\/slide4.jpg\" \/>\n\t<a href=\"https:\/\/enfermeraacasa.com\/index.php\/home\/servicios\/\"     ><\/a>\n\n\n\t<div class=\"ms-thumb\" ><div class=\"ms-tab-context\"><div class=&quot;ms-tab-context&quot;><\/div><\/div>\n<\/div>\n\t\t\t\t<\/div>\n\n\t\t\t<\/div>\n\t\t\t<!-- END MasterSlider Main -->\n\n\t\t\t \n\t\t<\/div>\n\t\t<!-- END MasterSlider -->\n\n\t\t<script>\n\t\t(function ( $ ) {\n\t\t\t\"use strict\";\n\n\t\t\t$(function () {\n\t\t\t\tvar masterslider_d1bb = new MasterSlider();\n\n\t\t\t\t\/\/ slider controls\n\t\t\t\tmasterslider_d1bb.control('arrows'     ,{ autohide:false, overVideo:true  });\t\t\t\tmasterslider_d1bb.control('bullets'    ,{ autohide:true, overVideo:true, dir:'h', align:'bottom' , margin:10  });\n\n\t\t\t\tmasterslider_d1bb.control('circletimer',{ autohide:false, overVideo:true, color:'#434343', radius:10, stroke:3   });\n\t\t\t\tmasterslider_d1bb.control('timebar'    ,{ autohide:false, overVideo:true, align:'bottom', color:'#FFFFFF'  , width:4 });\n\t\t\t\t\/\/ slider setup\n\t\t\t\tmasterslider_d1bb.setup(\"MS69df73d93d1bb\", {\n\t\t\t\t\t\twidth           : 1024,\n\t\t\t\t\t\theight          : 640,\n\t\t\t\t\t\tminHeight       : 640,\n\t\t\t\t\t\tspace           : 0,\n\t\t\t\t\t\tstart           : 1,\n\t\t\t\t\t\tgrabCursor      : true,\n\t\t\t\t\t\tswipe           : true,\n\t\t\t\t\t\tmouse           : true,\n\t\t\t\t\t\tlayout          : \"boxed\",\n\t\t\t\t\t\twheel           : false,\n\t\t\t\t\t\tautoplay        : true,\n\t\t\t\t\t\tinstantStartLayers:false,\n\t\t\t\t\t\tloop            : true,\n\t\t\t\t\t\tshuffle         : false,\n\t\t\t\t\t\tpreload         : 0,\n\t\t\t\t\t\theightLimit     : true,\n\t\t\t\t\t\tautoHeight      : true,\n\t\t\t\t\t\tsmoothHeight    : true,\n\t\t\t\t\t\tendPause        : false,\n\t\t\t\t\t\toverPause       : true,\n\t\t\t\t\t\tfillMode        : \"fill\",\n\t\t\t\t\t\tcenterControls  : true,\n\t\t\t\t\t\tstartOnAppear   : false,\n\t\t\t\t\t\tlayersMode      : \"center\",\n\t\t\t\t\t\thideLayers      : false,\n\t\t\t\t\t\tfullscreenMargin: 0,\n\t\t\t\t\t\tspeed           : 20,\n\t\t\t\t\t\tdir             : \"h\",\n\t\t\t\t\t\tparallaxMode    : 'swipe',\n\t\t\t\t\t\tview            : \"basic\"\n\t\t\t\t});\n\n\t\t\t\t\n\t\t\t\twindow.masterslider_instances = window.masterslider_instances || [];\n\t\t\t\twindow.masterslider_instances.push( masterslider_d1bb );\n\t\t\t });\n\n\t\t})(jQuery);\n\t\t<\/script>\n\n\n\n\n\n<div class=\"wp-container-6 wp-block-group alignfull has-ast-global-color-5-background-color has-background\" id=\"about\"><div class=\"wp-block-group__inner-container\">\n<div class=\"wp-block-media-text alignwide is-stacked-on-mobile is-vertically-aligned-center is-image-fill\"><figure class=\"wp-block-media-text__media\" style=\"background-image:url(https:\/\/enfermeraacasa.com\/wp-content\/uploads\/2022\/05\/who-1024x833.jpg);background-position:50% 50%\"><a href=\"https:\/\/enfermeraacasa.com\/index.php\/home\/nuestro-equipo\/\" target=\"_blank\" rel=\"noopener\"><img loading=\"lazy\" width=\"1024\" height=\"833\" src=\"https:\/\/enfermeraacasa.com\/wp-content\/uploads\/2022\/05\/who-1024x833.jpg\" alt=\"\" class=\"wp-image-542 size-full\" srcset=\"https:\/\/enfermeraacasa.com\/wp-content\/uploads\/2022\/05\/who-1024x833.jpg 1024w, https:\/\/enfermeraacasa.com\/wp-content\/uploads\/2022\/05\/who-300x244.jpg 300w, https:\/\/enfermeraacasa.com\/wp-content\/uploads\/2022\/05\/who-768x625.jpg 768w, https:\/\/enfermeraacasa.com\/wp-content\/uploads\/2022\/05\/who-1536x1250.jpg 1536w, https:\/\/enfermeraacasa.com\/wp-content\/uploads\/2022\/05\/who-2048x1666.jpg 2048w\" sizes=\"(max-width: 1024px) 100vw, 1024px\" \/><\/a><\/figure><div class=\"wp-block-media-text__content\">\n<div class=\"wp-container-5 wp-block-group\"><div class=\"wp-block-group__inner-container\">\n<h2 class=\"has-text-align-left\">Cuidamos de ti, siempre<\/h2>\n\n\n\n<p>Enfermera a Casa es una empresa formada con el fin de brindar atenci\u00f3n integral individual y colectiva en todas la etapas de la vida, en los procesos de bienestar, salud y enfermedad.<br>Ofrecemos servicios y productos de salud con altos est\u00e1ndares de calidad, accesibles y personalizados; as\u00ed como atenci\u00f3n e instalaci\u00f3n de mobiliario cl\u00ednico en domicilio, capacitaci\u00f3n, consultor\u00edas y auditor\u00edas en salud.<\/p>\n\n\n\n<div class=\"wp-container-4 wp-block-buttons\">\n<div class=\"wp-block-button alignright\"><a class=\"wp-block-button__link\" href=\"https:\/\/enfermeraacasa.com\/index.php\/home\/nuestro-equipo\/\" target=\"_blank\" rel=\"noreferrer noopener\">Conocenos m\u00e1s<\/a><\/div>\n<\/div>\n<\/div><\/div>\n<\/div><\/div>\n<\/div><\/div>\n\n\n\n<div class=\"wp-block-columns\">\n<div class=\"wp-block-column\" style=\"flex-basis:100%\"><\/div>\n<\/div>\n\n\n\n<div class=\"wp-container-12 wp-block-group alignfull has-ast-global-color-5-background-color has-background\"><div class=\"wp-block-group__inner-container\">\n<div class=\"wp-container-11 wp-block-group alignwide has-ast-global-color-1-background-color has-background\"><div class=\"wp-block-group__inner-container\">\n<div class=\"wp-block-columns are-vertically-aligned-center\">\n<div class=\"wp-block-column is-vertically-aligned-center\" style=\"flex-basis:66.66%\">\n<div class=\"wp-container-8 wp-block-group\"><div class=\"wp-block-group__inner-container\">\n<div class=\"wp-container-7 wp-block-group\"><div class=\"wp-block-group__inner-container\">\n<h3 class=\"has-white-color has-text-color\">Sientete libre de contactarnos <\/h3>\n\n\n\n<p class=\"has-text-color\" style=\"color:#d4e2ed\">Tu salud y el bienestar son nuestra prioridad, llamanos para poder ayudarte de la mejor manera.<\/p>\n<\/div><\/div>\n<\/div><\/div>\n<\/div>\n\n\n\n<div class=\"wp-block-column is-vertically-aligned-center\" style=\"flex-basis:33.33%\">\n<div class=\"wp-container-10 wp-block-group\"><div class=\"wp-block-group__inner-container\">\n<div class=\"wp-container-9 wp-block-buttons\">\n<div class=\"wp-block-button\"><a class=\"wp-block-button__link\" href=\"tel:+51967918906\" target=\"_blank\" rel=\"noreferrer noopener\">Llamanos aqu\u00ed<\/a><\/div>\n<\/div>\n<\/div><\/div>\n<\/div>\n<\/div>\n<\/div><\/div>\n<\/div><\/div>\n\n\n\n<div class=\"wp-container-13 wp-block-group alignfull has-ast-global-color-4-background-color has-background\" id=\"reviews\"><div class=\"wp-block-group__inner-container\">\n<h4 class=\"has-text-align-center\">Visitanos<\/h4>\n\n\n\n<iframe src=\"https:\/\/www.google.com\/maps\/embed?pb=!1m18!1m12!1m3!1d3973.5000402756846!2d-80.63243818523573!3d-5.183777996238467!2m3!1f0!2f0!3f0!3m2!1i1024!2i768!4f13.1!3m3!1m2!1s0x904a11b21be73d8f%3A0x2484b756eecd206b!2sEnfermera%20a%20Casa!5e0!3m2!1ses!2spe!4v1652486088854!5m2!1ses!2spe\" width=\"100%\" height=\"480\" style=\"border:0;\" allowfullscreen=\"\" loading=\"lazy\" referrerpolicy=\"no-referrer-when-downgrade\"><\/iframe>\n<\/div><\/div>\n\n\n\n<div class=\"wp-container-15 wp-block-group alignfull has-ast-global-color-5-background-color has-background\"><div class=\"wp-block-group__inner-container\">\n<div class=\"wp-container-14 wp-block-buttons\"><\/div>\n<\/div><\/div>\n","protected":false},"excerpt":{"rendered":"<p>Cuidamos de ti, siempre Enfermera a Casa es una empresa formada con el fin de brindar atenci\u00f3n integral individual y colectiva en todas la etapas de la vida, en los procesos de bienestar, salud y enfermedad.Ofrecemos servicios y productos de salud con altos est\u00e1ndares de calidad, accesibles y personalizados; as\u00ed como atenci\u00f3n e instalaci\u00f3n de &hellip;<\/p>\n<p class=\"read-more\"> <a class=\"\" href=\"https:\/\/enfermeraacasa.com\/\"> <span class=\"screen-reader-text\">Enfermera a Casa &#8211;  Enfermer\u00eda a tu servicio<\/span> Leer m\u00e1s &raquo;<\/a><\/p>\n","protected":false},"author":1,"featured_media":0,"parent":0,"menu_order":0,"comment_status":"closed","ping_status":"closed","template":"","meta":{"om_disable_all_campaigns":false,"_monsterinsights_skip_tracking":false,"_monsterinsights_sitenote_active":false,"_monsterinsights_sitenote_note":"","_monsterinsights_sitenote_category":0,"site-sidebar-layout":"no-sidebar","site-content-layout":"plain-container","ast-global-header-display":"","ast-main-header-display":"","ast-hfb-above-header-display":"","ast-hfb-below-header-display":"","ast-hfb-mobile-header-display":"","site-post-title":"disabled","ast-breadcrumbs-content":"","ast-featured-img":"disabled","footer-sml-layout":"","theme-transparent-header-meta":"default","adv-header-id-meta":"","stick-header-meta":"","header-above-stick-meta":"","header-main-stick-meta":"","header-below-stick-meta":""},"_links":{"self":[{"href":"https:\/\/enfermeraacasa.com\/index.php\/wp-json\/wp\/v2\/pages\/409"}],"collection":[{"href":"https:\/\/enfermeraacasa.com\/index.php\/wp-json\/wp\/v2\/pages"}],"about":[{"href":"https:\/\/enfermeraacasa.com\/index.php\/wp-json\/wp\/v2\/types\/page"}],"author":[{"embeddable":true,"href":"https:\/\/enfermeraacasa.com\/index.php\/wp-json\/wp\/v2\/users\/1"}],"replies":[{"embeddable":true,"href":"https:\/\/enfermeraacasa.com\/index.php\/wp-json\/wp\/v2\/comments?post=409"}],"version-history":[{"count":34,"href":"https:\/\/enfermeraacasa.com\/index.php\/wp-json\/wp\/v2\/pages\/409\/revisions"}],"predecessor-version":[{"id":712,"href":"https:\/\/enfermeraacasa.com\/index.php\/wp-json\/wp\/v2\/pages\/409\/revisions\/712"}],"wp:attachment":[{"href":"https:\/\/enfermeraacasa.com\/index.php\/wp-json\/wp\/v2\/media?parent=409"}],"curies":[{"name":"wp","href":"https:\/\/api.w.org\/{rel}","templated":true}]}}