{"id":569,"date":"2022-05-24T13:59:07","date_gmt":"2022-05-24T13:59:07","guid":{"rendered":"https:\/\/enfermeraacasa.com\/?page_id=569"},"modified":"2022-05-30T04:45:03","modified_gmt":"2022-05-30T04:45:03","slug":"nuestro-equipo","status":"publish","type":"page","link":"https:\/\/enfermeraacasa.com\/index.php\/home\/nuestro-equipo\/","title":{"rendered":"Nuestro Equipo Profesional de Enfermera a Casa"},"content":{"rendered":"\n<div class=\"wp-container-1 wp-block-group alignfull has-ast-global-color-4-background-color has-background\"><div class=\"wp-block-group__inner-container\">\n<div class=\"wp-block-columns\">\n<div class=\"wp-block-column\">\n<h1 class=\"has-text-align-center\">Nuestro Equipo<\/h1>\n<\/div>\n<\/div>\n<\/div><\/div>\n\n\n\n<div class=\"wp-container-2 wp-block-group alignfull has-ast-global-color-5-background-color has-background\"><div class=\"wp-block-group__inner-container\">\n<div class=\"wp-block-columns are-vertically-aligned-center\">\n<div class=\"wp-block-column is-vertically-aligned-center\">\n<h3>Profesionales dedicados a tu cuidado y bienestar<\/h3>\n\n\n\n<p class=\"has-medium-font-size\">Somos Licenciadas en enfermer\u00eda especialistas que brindamos atenci\u00f3n integral en todas las etapas de la vida. Ofrecemos servicios especializados y productos en nuestras instalaciones, a domicilio y a nivel corporativo, con altos est\u00e1ndares de calidad orientados a satisfacer las necesidades de los clientes m\u00e1s exigentes, con servicios accesibles y personalizados; as\u00ed como instalaci\u00f3n de mobiliario cl\u00ednico, capacitaci\u00f3n, consultor\u00edas especializadas y auditor\u00edas en salud.<\/p>\n<\/div>\n<\/div>\n<\/div><\/div>\n\n\n\n<div class=\"wp-container-3 wp-block-group alignfull has-ast-global-color-5-background-color has-background\"><div class=\"wp-block-group__inner-container\">\n<div class=\"wp-block-columns\">\n<div class=\"wp-block-column\">\n<figure class=\"wp-block-image size-large is-resized is-style-rounded\" style=\"border-radius:0px\"><img loading=\"lazy\" src=\"https:\/\/enfermeraacasa.com\/wp-content\/uploads\/2022\/05\/who-1-1024x833.jpg\" alt=\"\" class=\"wp-image-559\" width=\"1024\" height=\"833\" srcset=\"https:\/\/enfermeraacasa.com\/wp-content\/uploads\/2022\/05\/who-1-1024x833.jpg 1024w, https:\/\/enfermeraacasa.com\/wp-content\/uploads\/2022\/05\/who-1-300x244.jpg 300w, https:\/\/enfermeraacasa.com\/wp-content\/uploads\/2022\/05\/who-1-768x625.jpg 768w, https:\/\/enfermeraacasa.com\/wp-content\/uploads\/2022\/05\/who-1-1536x1250.jpg 1536w, https:\/\/enfermeraacasa.com\/wp-content\/uploads\/2022\/05\/who-1-2048x1666.jpg 2048w\" sizes=\"(max-width: 1024px) 100vw, 1024px\" \/><\/figure>\n<\/div>\n<\/div>\n<\/div><\/div>\n\n\n\n<div class=\"wp-container-4 wp-block-group alignfull has-ast-global-color-4-background-color has-background\"><div class=\"wp-block-group__inner-container\">\n<div class=\"wp-block-columns\">\n<div class=\"wp-block-column\"><\/div>\n<\/div>\n\n\n\n<div class=\"wp-block-media-text is-stacked-on-mobile alignwide\"><figure class=\"wp-block-media-text__media\"><img loading=\"lazy\" width=\"800\" height=\"800\" src=\"https:\/\/enfermeraacasa.com\/wp-content\/uploads\/2022\/05\/KYT_7120-1.png\" alt=\"\" class=\"wp-image-607 size-full\" srcset=\"https:\/\/enfermeraacasa.com\/wp-content\/uploads\/2022\/05\/KYT_7120-1.png 800w, https:\/\/enfermeraacasa.com\/wp-content\/uploads\/2022\/05\/KYT_7120-1-300x300.png 300w, https:\/\/enfermeraacasa.com\/wp-content\/uploads\/2022\/05\/KYT_7120-1-150x150.png 150w, https:\/\/enfermeraacasa.com\/wp-content\/uploads\/2022\/05\/KYT_7120-1-768x768.png 768w\" sizes=\"(max-width: 800px) 100vw, 800px\" \/><\/figure><div class=\"wp-block-media-text__content\">\n<h2>Milagros Ramos Ruiz<\/h2>\n\n\n\n<h5>CEP N\u00b0 050940<\/h5>\n\n\n\n<h5>Cuidado del Pie Diab\u00e9tico\u200b<\/h5>\n\n\n\n<p>Con 13 a\u00f1os de experiencia profesional en el sector p\u00fablico y privado. <br>Especializaci\u00f3n en podolog\u00eda y cuidados del pie Diab\u00e9tico.<br>Especializaci\u00f3n en cuidados del paciente cr\u00edtico y emergencia<\/p>\n<\/div><\/div>\n\n\n\n<div class=\"wp-block-media-text has-media-on-the-right is-stacked-on-mobile alignwide\"><figure class=\"wp-block-media-text__media\"><img loading=\"lazy\" width=\"800\" height=\"800\" src=\"https:\/\/enfermeraacasa.com\/wp-content\/uploads\/2022\/05\/KYT_7117.png\" alt=\"\" class=\"wp-image-610 size-full\" srcset=\"https:\/\/enfermeraacasa.com\/wp-content\/uploads\/2022\/05\/KYT_7117.png 800w, https:\/\/enfermeraacasa.com\/wp-content\/uploads\/2022\/05\/KYT_7117-300x300.png 300w, https:\/\/enfermeraacasa.com\/wp-content\/uploads\/2022\/05\/KYT_7117-150x150.png 150w, https:\/\/enfermeraacasa.com\/wp-content\/uploads\/2022\/05\/KYT_7117-768x768.png 768w\" sizes=\"(max-width: 800px) 100vw, 800px\" \/><\/figure><div class=\"wp-block-media-text__content\">\n<h2 class=\"has-text-align-right\">Sheyla Arellano<\/h2>\n\n\n\n<h5 class=\"has-text-align-right\">CEP N\u00b0 049897 <\/h5>\n\n\n\n<h5 class=\"has-text-align-right\">Auditora en Salud  &#8211; Nefrolog\u00eda<\/h5>\n\n\n\n<p>14 a\u00f1os de experiencia laboral en el sector p\u00fablico y privado<br>Auditora en Salud _ Registro N\u00b0 0262<br>Egresada de la especialidad de Nefrolog\u00eda<br>Especialista en Gesti\u00f3n de Calidad, Administraci\u00f3n en salud y de los servicios de Enfermer\u00eda (Brasil)<br>Maestr\u00eda en Gesti\u00f3n de los Servicios de Salud<\/p>\n\n\n\n<p class=\"has-text-align-right\"><\/p>\n<\/div><\/div>\n\n\n\n<div class=\"wp-block-media-text is-stacked-on-mobile alignwide\"><figure class=\"wp-block-media-text__media\"><img loading=\"lazy\" width=\"800\" height=\"800\" src=\"https:\/\/enfermeraacasa.com\/wp-content\/uploads\/2022\/05\/KYT_7095.png\" alt=\"\" class=\"wp-image-608 size-full\" srcset=\"https:\/\/enfermeraacasa.com\/wp-content\/uploads\/2022\/05\/KYT_7095.png 800w, https:\/\/enfermeraacasa.com\/wp-content\/uploads\/2022\/05\/KYT_7095-300x300.png 300w, https:\/\/enfermeraacasa.com\/wp-content\/uploads\/2022\/05\/KYT_7095-150x150.png 150w, https:\/\/enfermeraacasa.com\/wp-content\/uploads\/2022\/05\/KYT_7095-768x768.png 768w\" sizes=\"(max-width: 800px) 100vw, 800px\" \/><\/figure><div class=\"wp-block-media-text__content\">\n<h2>Nelibeth Perez<\/h2>\n\n\n\n<h5>CEP N\u00b0 036498<\/h5>\n\n\n\n<h5>Neonatolog\u00eda y Materno &#8211; Infantil<\/h5>\n\n\n\n<p>Con 20 a\u00f1os de Experiencia laboral en el sector p\u00fablico y privado.<br>Especialista en Materno Infantil y Neonatolog\u00eda- REE N\u00b0 09396.<br>Diplomada en Gesti\u00f3n P\u00fablica.<br>Gu\u00eda y consejera en Lactancia Materna \u2013 Universidad La Extremadura (M\u00e9xico) y Crianzamor con registro N\u00b0 322107<br>Auditora en Salud- Registro N\u00b0 01202<br>Especialista en Gesti\u00f3n de la Calidad, Administraci\u00f3n en Salud y de los Servicios de Enfermer\u00eda (Brasil)<\/p>\n<\/div><\/div>\n<\/div><\/div>\n\n\n\n<div class=\"wp-container-6 wp-block-group alignfull has-ast-global-color-5-background-color has-background\"><div class=\"wp-block-group__inner-container\">\n<h2 class=\"has-text-align-center\">\u00bfNecesitas agendar una cita con tu especialista?<\/h2>\n\n\n\n<p class=\"has-text-align-center\">Podemos ayudarte con tus necesidades de salud, en tu crecimiento o en tu recuperaci\u00f3n<\/p>\n\n\n\n<div class=\"wp-container-5 wp-block-buttons\">\n<div class=\"wp-block-button\"><a class=\"wp-block-button__link\" href=\"https:\/\/bit.ly\/3yVPxxJ\" target=\"_blank\" rel=\"noreferrer noopener\">Agenda una cita<\/a><\/div>\n<\/div>\n<\/div><\/div>\n","protected":false},"excerpt":{"rendered":"<p>Nuestro Equipo Profesionales dedicados a tu cuidado y bienestar Somos Licenciadas en enfermer\u00eda especialistas que brindamos atenci\u00f3n integral en todas las etapas de la vida. Ofrecemos servicios especializados y productos en nuestras instalaciones, a domicilio y a nivel corporativo, con altos est\u00e1ndares de calidad orientados a satisfacer las necesidades de los clientes m\u00e1s exigentes, con &hellip;<\/p>\n<p class=\"read-more\"> <a class=\"\" href=\"https:\/\/enfermeraacasa.com\/index.php\/home\/nuestro-equipo\/\"> <span class=\"screen-reader-text\">Nuestro Equipo Profesional de Enfermera a Casa<\/span> Leer m\u00e1s &raquo;<\/a><\/p>\n","protected":false},"author":1,"featured_media":559,"parent":409,"menu_order":0,"comment_status":"closed","ping_status":"closed","template":"","meta":{"om_disable_all_campaigns":false,"_monsterinsights_skip_tracking":false,"_monsterinsights_sitenote_active":false,"_monsterinsights_sitenote_note":"","_monsterinsights_sitenote_category":0,"site-sidebar-layout":"default","site-content-layout":"default","ast-global-header-display":"","ast-main-header-display":"","ast-hfb-above-header-display":"","ast-hfb-below-header-display":"","ast-hfb-mobile-header-display":"","site-post-title":"disabled","ast-breadcrumbs-content":"","ast-featured-img":"disabled","footer-sml-layout":"","theme-transparent-header-meta":"","adv-header-id-meta":"","stick-header-meta":"","header-above-stick-meta":"","header-main-stick-meta":"","header-below-stick-meta":""},"_links":{"self":[{"href":"https:\/\/enfermeraacasa.com\/index.php\/wp-json\/wp\/v2\/pages\/569"}],"collection":[{"href":"https:\/\/enfermeraacasa.com\/index.php\/wp-json\/wp\/v2\/pages"}],"about":[{"href":"https:\/\/enfermeraacasa.com\/index.php\/wp-json\/wp\/v2\/types\/page"}],"author":[{"embeddable":true,"href":"https:\/\/enfermeraacasa.com\/index.php\/wp-json\/wp\/v2\/users\/1"}],"replies":[{"embeddable":true,"href":"https:\/\/enfermeraacasa.com\/index.php\/wp-json\/wp\/v2\/comments?post=569"}],"version-history":[{"count":21,"href":"https:\/\/enfermeraacasa.com\/index.php\/wp-json\/wp\/v2\/pages\/569\/revisions"}],"predecessor-version":[{"id":637,"href":"https:\/\/enfermeraacasa.com\/index.php\/wp-json\/wp\/v2\/pages\/569\/revisions\/637"}],"up":[{"embeddable":true,"href":"https:\/\/enfermeraacasa.com\/index.php\/wp-json\/wp\/v2\/pages\/409"}],"wp:featuredmedia":[{"embeddable":true,"href":"https:\/\/enfermeraacasa.com\/index.php\/wp-json\/wp\/v2\/media\/559"}],"wp:attachment":[{"href":"https:\/\/enfermeraacasa.com\/index.php\/wp-json\/wp\/v2\/media?parent=569"}],"curies":[{"name":"wp","href":"https:\/\/api.w.org\/{rel}","templated":true}]}}